{"id":779,"date":"2025-05-14T16:20:59","date_gmt":"2025-05-14T14:20:59","guid":{"rendered":"https:\/\/www.wildmedical.de\/?page_id=779"},"modified":"2025-05-25T21:19:52","modified_gmt":"2025-05-25T19:19:52","slug":"bohrer-medizintechnik","status":"publish","type":"page","link":"https:\/\/www.wildmedical.de\/en\/bohrer-medizintechnik\/","title":{"rendered":"DRILL BITS"},"content":{"rendered":"<div data-elementor-type=\"wp-page\" data-elementor-id=\"779\" class=\"elementor elementor-779\" data-elementor-settings=\"[]\">\n\t\t\t\t\t\t\t<div class=\"elementor-section-wrap\">\n\t\t\t\t\t\t\t<section class=\"elementor-section elementor-top-section elementor-element elementor-element-88c3703 elementor-section-full_width elementor-section-height-default elementor-section-height-default\" data-id=\"88c3703\" data-element_type=\"section\" data-settings=\"{&quot;background_background&quot;:&quot;slideshow&quot;,&quot;background_slideshow_gallery&quot;:[{&quot;id&quot;:507,&quot;url&quot;:&quot;https:\\\/\\\/www.wildmedical.de\\\/wp-content\\\/uploads\\\/2024\\\/04\\\/Haus-ohneInstrumente-0525-scaled.jpg&quot;}],&quot;background_slideshow_slide_transition&quot;:&quot;slide_left&quot;,&quot;background_slideshow_transition_duration&quot;:514,&quot;background_slideshow_slide_duration&quot;:2500,&quot;background_slideshow_loop&quot;:&quot;yes&quot;}\">\n\t\t\t\t\t\t\t<div class=\"elementor-background-overlay\"><\/div>\n\t\t\t\t\t\t\t<div class=\"elementor-container elementor-column-gap-no\">\n\t\t\t\t\t<div class=\"elementor-column elementor-col-100 elementor-top-column elementor-element elementor-element-7506bcc\" data-id=\"7506bcc\" data-element_type=\"column\">\n\t\t\t<div class=\"elementor-widget-wrap elementor-element-populated\">\n\t\t\t\t\t\t\t\t<section class=\"elementor-section elementor-inner-section elementor-element elementor-element-3b51ac3 elementor-section-full_width elementor-section-height-default elementor-section-height-default\" data-id=\"3b51ac3\" data-element_type=\"section\">\n\t\t\t\t\t\t<div class=\"elementor-container elementor-column-gap-default\">\n\t\t\t\t\t<div class=\"elementor-column elementor-col-50 elementor-inner-column elementor-element elementor-element-28ae0b3\" data-id=\"28ae0b3\" data-element_type=\"column\">\n\t\t\t<div class=\"elementor-widget-wrap\">\n\t\t\t\t\t\t\t\t\t<\/div>\n\t\t<\/div>\n\t\t\t\t<div class=\"elementor-column elementor-col-50 elementor-inner-column elementor-element elementor-element-66c324d\" data-id=\"66c324d\" data-element_type=\"column\">\n\t\t\t<div class=\"elementor-widget-wrap elementor-element-populated\">\n\t\t\t\t\t\t\t\t<div class=\"elementor-element elementor-element-31dc839 elementor-invisible elementor-widget elementor-widget-heading\" data-id=\"31dc839\" data-element_type=\"widget\" data-settings=\"{&quot;_animation&quot;:&quot;fadeInLeft&quot;,&quot;_animation_delay&quot;:2000}\" data-widget_type=\"heading.default\">\n\t\t\t\t<div class=\"elementor-widget-container\">\n\t\t\t<h1 class=\"elementor-heading-title elementor-size-xxl\">Welcome to <\/h1>\t\t<\/div>\n\t\t\t\t<\/div>\n\t\t\t\t\t<\/div>\n\t\t<\/div>\n\t\t\t\t\t\t\t<\/div>\n\t\t<\/section>\n\t\t\t\t<div class=\"elementor-element elementor-element-8949e21 elementor-widget elementor-widget-spacer\" data-id=\"8949e21\" data-element_type=\"widget\" data-widget_type=\"spacer.default\">\n\t\t\t\t<div class=\"elementor-widget-container\">\n\t\t\t\t\t<div class=\"elementor-spacer\">\n\t\t\t<div class=\"elementor-spacer-inner\"><\/div>\n\t\t<\/div>\n\t\t\t\t<\/div>\n\t\t\t\t<\/div>\n\t\t\t\t\t<\/div>\n\t\t<\/div>\n\t\t\t\t\t\t\t<\/div>\n\t\t<\/section>\n\t\t\t\t<section class=\"elementor-section elementor-top-section elementor-element elementor-element-6aee1734 elementor-section-boxed elementor-section-height-default elementor-section-height-default\" data-id=\"6aee1734\" data-element_type=\"section\">\n\t\t\t\t\t\t<div class=\"elementor-container elementor-column-gap-default\">\n\t\t\t\t\t<div class=\"elementor-column elementor-col-100 elementor-top-column elementor-element elementor-element-18108ff\" data-id=\"18108ff\" data-element_type=\"column\">\n\t\t\t<div class=\"elementor-widget-wrap\">\n\t\t\t\t\t\t\t\t\t<\/div>\n\t\t<\/div>\n\t\t\t\t\t\t\t<\/div>\n\t\t<\/section>\n\t\t\t\t<section class=\"elementor-section elementor-top-section elementor-element elementor-element-ccd16cd elementor-section-boxed elementor-section-height-default elementor-section-height-default\" data-id=\"ccd16cd\" data-element_type=\"section\">\n\t\t\t\t\t\t<div class=\"elementor-container elementor-column-gap-default\">\n\t\t\t\t\t<div class=\"elementor-column elementor-col-100 elementor-top-column elementor-element elementor-element-56e5d90\" data-id=\"56e5d90\" data-element_type=\"column\">\n\t\t\t<div class=\"elementor-widget-wrap elementor-element-populated\">\n\t\t\t\t\t\t\t\t<div class=\"elementor-element elementor-element-bfe7604 elementor-widget elementor-widget-text-editor\" data-id=\"bfe7604\" data-element_type=\"widget\" data-widget_type=\"text-editor.default\">\n\t\t\t\t<div class=\"elementor-widget-container\">\n\t\t\t\t\t\t\t<p class=\"p1\">Medical drills - High-precision instruments for surgical perfection\nMedical drills from WILDmedical are specially developed for use in demanding surgical areas such as neurosurgery, ENT surgery, spinal and orthopaedic surgery. They enable precise drilling of bone structures with maximum control and minimal tissue trauma.<\/p>\t\t\t\t\t\t<\/div>\n\t\t\t\t<\/div>\n\t\t\t\t\t<\/div>\n\t\t<\/div>\n\t\t\t\t\t\t\t<\/div>\n\t\t<\/section>\n\t\t\t\t<section class=\"elementor-section elementor-top-section elementor-element elementor-element-c38c503 elementor-section-boxed elementor-section-height-default elementor-section-height-default\" data-id=\"c38c503\" data-element_type=\"section\">\n\t\t\t\t\t\t<div class=\"elementor-container elementor-column-gap-default\">\n\t\t\t\t\t<div class=\"elementor-column elementor-col-100 elementor-top-column elementor-element elementor-element-0ac6d12\" data-id=\"0ac6d12\" data-element_type=\"column\">\n\t\t\t<div class=\"elementor-widget-wrap elementor-element-populated\">\n\t\t\t\t\t\t\t\t<div class=\"elementor-element elementor-element-51135bb elementor-widget elementor-widget-text-editor\" data-id=\"51135bb\" data-element_type=\"widget\" data-widget_type=\"text-editor.default\">\n\t\t\t\t<div class=\"elementor-widget-container\">\n\t\t\t\t\t\t\t\t\t\t\t\t\t<\/div>\n\t\t\t\t<\/div>\n\t\t\t\t<div class=\"elementor-element elementor-element-429436d elementor-widget elementor-widget-heading\" data-id=\"429436d\" data-element_type=\"widget\" data-widget_type=\"heading.default\">\n\t\t\t\t<div class=\"elementor-widget-container\">\n\t\t\t<h2 class=\"elementor-heading-title elementor-size-default\">Our drills are characterized by:<\/h2>\t\t<\/div>\n\t\t\t\t<\/div>\n\t\t\t\t<div class=\"elementor-element elementor-element-023cc82 elementor-widget elementor-widget-text-editor\" data-id=\"023cc82\" data-element_type=\"widget\" data-widget_type=\"text-editor.default\">\n\t\t\t\t<div class=\"elementor-widget-container\">\n\t\t\t\t\t\t\t<p>\u2013 High-quality materials: use of stainless steel for optimum stability and corrosion resistance<br>\u2013 Precise manufacturing: CNC-milled cutting edges for high sharpness and concentricity<br>\u2013 Variety of applications: Available in various diameters, lengths and shapes&nbsp;<\/p>\n<p>Made in Germany - our drills guarantee maximum quality and efficiency in the operating theater. By working closely with users, we continuously develop our instruments further - for even more precise, faster and safer use.<\/p>\n<p><br><\/p>\t\t\t\t\t\t<\/div>\n\t\t\t\t<\/div>\n\t\t\t\t\t<\/div>\n\t\t<\/div>\n\t\t\t\t\t\t\t<\/div>\n\t\t<\/section>\n\t\t\t\t\t\t<\/div>\n\t\t\t\t\t<\/div>","protected":false},"excerpt":{"rendered":"<p>Willkommen bei Medizinische Bohrer \u2013 Hochpr\u00e4zise Instrumente f\u00fcr chirurgische Perfektion\u2028Medizinische Bohrer von WILDmedical sind speziell f\u00fcr den Einsatz in anspruchsvollen chirurgischen Bereiche wie der Neurochirurgie, HNO-Chirurgie, Wirbels\u00e4ulen- und Orthop\u00e4diechirurgie entwickelt. Sie erm\u00f6glichen das pr\u00e4zise Anbohren von Knochenstrukturen bei maximaler Kontrolle und minimalem Gewebetrauma. Unsere Bohrer zeichnen sich aus durch &#8211; Hochwertige Materialien: Verwendung von rostfreiem [&hellip;]<\/p>","protected":false},"author":1,"featured_media":0,"parent":0,"menu_order":0,"comment_status":"closed","ping_status":"closed","template":"elementor_header_footer","meta":[],"yoast_head":"<!-- This site is optimized with the Yoast SEO plugin v18.1 - https:\/\/yoast.com\/wordpress\/plugins\/seo\/ -->\n<title>WILDmedical \u2013 Bohrer, Medizintechnik<\/title>\n<meta name=\"description\" content=\"WILDmedical Medizintechnik aus Tuttlingen sind spezialisiert auf die Herstellung und den Vertrieb von Produkten wie Bohrer.\" \/>\n<meta name=\"robots\" content=\"index, follow, max-snippet:-1, max-image-preview:large, max-video-preview:-1\" \/>\n<link rel=\"canonical\" href=\"https:\/\/www.wildmedical.de\/en\/bohrer-medizintechnik\/\" \/>\n<meta property=\"og:locale\" content=\"en_US\" \/>\n<meta property=\"og:type\" content=\"article\" \/>\n<meta property=\"og:title\" content=\"WILDmedical \u2013 Bohrer, Medizintechnik\" \/>\n<meta property=\"og:description\" content=\"WILDmedical Medizintechnik aus Tuttlingen sind spezialisiert auf die Herstellung und den Vertrieb von Produkten wie Bohrer.\" \/>\n<meta property=\"og:url\" content=\"https:\/\/www.wildmedical.de\/en\/bohrer-medizintechnik\/\" \/>\n<meta property=\"og:site_name\" content=\"Wild Medical\" \/>\n<meta property=\"article:modified_time\" content=\"2025-05-25T19:19:52+00:00\" \/>\n<meta name=\"twitter:card\" content=\"summary_large_image\" \/>\n<meta name=\"twitter:label1\" content=\"Est. reading time\" \/>\n\t<meta name=\"twitter:data1\" content=\"1 minute\" \/>\n<script type=\"application\/ld+json\" class=\"yoast-schema-graph\">{\"@context\":\"https:\/\/schema.org\",\"@graph\":[{\"@type\":\"Organization\",\"@id\":\"https:\/\/www.wildmedical.de\/#organization\",\"name\":\"Wild Medical\",\"url\":\"https:\/\/www.wildmedical.de\/\",\"sameAs\":[],\"logo\":{\"@type\":\"ImageObject\",\"@id\":\"https:\/\/www.wildmedical.de\/#logo\",\"inLanguage\":\"en-US\",\"url\":\"https:\/\/www.wildmedical.de\/wp-content\/uploads\/2021\/10\/Logo-wildmedical.png\",\"contentUrl\":\"https:\/\/www.wildmedical.de\/wp-content\/uploads\/2021\/10\/Logo-wildmedical.png\",\"width\":1225,\"height\":431,\"caption\":\"Wild Medical\"},\"image\":{\"@id\":\"https:\/\/www.wildmedical.de\/#logo\"}},{\"@type\":\"WebSite\",\"@id\":\"https:\/\/www.wildmedical.de\/#website\",\"url\":\"https:\/\/www.wildmedical.de\/\",\"name\":\"Wild Medical\",\"description\":\"Hochwertige medizinische Produkte aus Edelstahl. Wild medical in Tuttlingen\",\"publisher\":{\"@id\":\"https:\/\/www.wildmedical.de\/#organization\"},\"potentialAction\":[{\"@type\":\"SearchAction\",\"target\":{\"@type\":\"EntryPoint\",\"urlTemplate\":\"https:\/\/www.wildmedical.de\/?s={search_term_string}\"},\"query-input\":\"required name=search_term_string\"}],\"inLanguage\":\"en-US\"},{\"@type\":\"WebPage\",\"@id\":\"https:\/\/www.wildmedical.de\/bohrer-medizintechnik\/#webpage\",\"url\":\"https:\/\/www.wildmedical.de\/bohrer-medizintechnik\/\",\"name\":\"WILDmedical \u2013 Bohrer, Medizintechnik\",\"isPartOf\":{\"@id\":\"https:\/\/www.wildmedical.de\/#website\"},\"datePublished\":\"2025-05-14T14:20:59+00:00\",\"dateModified\":\"2025-05-25T19:19:52+00:00\",\"description\":\"WILDmedical Medizintechnik aus Tuttlingen sind spezialisiert auf die Herstellung und den Vertrieb von Produkten wie Bohrer.\",\"breadcrumb\":{\"@id\":\"https:\/\/www.wildmedical.de\/bohrer-medizintechnik\/#breadcrumb\"},\"inLanguage\":\"en-US\",\"potentialAction\":[{\"@type\":\"ReadAction\",\"target\":[\"https:\/\/www.wildmedical.de\/bohrer-medizintechnik\/\"]}]},{\"@type\":\"BreadcrumbList\",\"@id\":\"https:\/\/www.wildmedical.de\/bohrer-medizintechnik\/#breadcrumb\",\"itemListElement\":[{\"@type\":\"ListItem\",\"position\":1,\"name\":\"Startseite\",\"item\":\"https:\/\/www.wildmedical.de\/\"},{\"@type\":\"ListItem\",\"position\":2,\"name\":\"Bohrer\"}]}]}<\/script>\n<!-- \/ Yoast SEO plugin. -->","yoast_head_json":{"title":"WILDmedical \u2013 Bohrer, Medizintechnik","description":"WILDmedical Medizintechnik aus Tuttlingen sind spezialisiert auf die Herstellung und den Vertrieb von Produkten wie Bohrer.","robots":{"index":"index","follow":"follow","max-snippet":"max-snippet:-1","max-image-preview":"max-image-preview:large","max-video-preview":"max-video-preview:-1"},"canonical":"https:\/\/www.wildmedical.de\/en\/bohrer-medizintechnik\/","og_locale":"en_US","og_type":"article","og_title":"WILDmedical \u2013 Bohrer, Medizintechnik","og_description":"WILDmedical Medizintechnik aus Tuttlingen sind spezialisiert auf die Herstellung und den Vertrieb von Produkten wie Bohrer.","og_url":"https:\/\/www.wildmedical.de\/en\/bohrer-medizintechnik\/","og_site_name":"Wild Medical","article_modified_time":"2025-05-25T19:19:52+00:00","twitter_card":"summary_large_image","twitter_misc":{"Est. reading time":"1 minute"},"schema":{"@context":"https:\/\/schema.org","@graph":[{"@type":"Organization","@id":"https:\/\/www.wildmedical.de\/#organization","name":"Wild Medical","url":"https:\/\/www.wildmedical.de\/","sameAs":[],"logo":{"@type":"ImageObject","@id":"https:\/\/www.wildmedical.de\/#logo","inLanguage":"en-US","url":"https:\/\/www.wildmedical.de\/wp-content\/uploads\/2021\/10\/Logo-wildmedical.png","contentUrl":"https:\/\/www.wildmedical.de\/wp-content\/uploads\/2021\/10\/Logo-wildmedical.png","width":1225,"height":431,"caption":"Wild Medical"},"image":{"@id":"https:\/\/www.wildmedical.de\/#logo"}},{"@type":"WebSite","@id":"https:\/\/www.wildmedical.de\/#website","url":"https:\/\/www.wildmedical.de\/","name":"Wild Medical","description":"Hochwertige medizinische Produkte aus Edelstahl. Wild medical in Tuttlingen","publisher":{"@id":"https:\/\/www.wildmedical.de\/#organization"},"potentialAction":[{"@type":"SearchAction","target":{"@type":"EntryPoint","urlTemplate":"https:\/\/www.wildmedical.de\/?s={search_term_string}"},"query-input":"required name=search_term_string"}],"inLanguage":"en-US"},{"@type":"WebPage","@id":"https:\/\/www.wildmedical.de\/bohrer-medizintechnik\/#webpage","url":"https:\/\/www.wildmedical.de\/bohrer-medizintechnik\/","name":"WILDmedical \u2013 Bohrer, Medizintechnik","isPartOf":{"@id":"https:\/\/www.wildmedical.de\/#website"},"datePublished":"2025-05-14T14:20:59+00:00","dateModified":"2025-05-25T19:19:52+00:00","description":"WILDmedical Medizintechnik aus Tuttlingen sind spezialisiert auf die Herstellung und den Vertrieb von Produkten wie Bohrer.","breadcrumb":{"@id":"https:\/\/www.wildmedical.de\/bohrer-medizintechnik\/#breadcrumb"},"inLanguage":"en-US","potentialAction":[{"@type":"ReadAction","target":["https:\/\/www.wildmedical.de\/bohrer-medizintechnik\/"]}]},{"@type":"BreadcrumbList","@id":"https:\/\/www.wildmedical.de\/bohrer-medizintechnik\/#breadcrumb","itemListElement":[{"@type":"ListItem","position":1,"name":"Startseite","item":"https:\/\/www.wildmedical.de\/"},{"@type":"ListItem","position":2,"name":"Bohrer"}]}]}},"_links":{"self":[{"href":"https:\/\/www.wildmedical.de\/en\/wp-json\/wp\/v2\/pages\/779"}],"collection":[{"href":"https:\/\/www.wildmedical.de\/en\/wp-json\/wp\/v2\/pages"}],"about":[{"href":"https:\/\/www.wildmedical.de\/en\/wp-json\/wp\/v2\/types\/page"}],"author":[{"embeddable":true,"href":"https:\/\/www.wildmedical.de\/en\/wp-json\/wp\/v2\/users\/1"}],"replies":[{"embeddable":true,"href":"https:\/\/www.wildmedical.de\/en\/wp-json\/wp\/v2\/comments?post=779"}],"version-history":[{"count":35,"href":"https:\/\/www.wildmedical.de\/en\/wp-json\/wp\/v2\/pages\/779\/revisions"}],"predecessor-version":[{"id":1092,"href":"https:\/\/www.wildmedical.de\/en\/wp-json\/wp\/v2\/pages\/779\/revisions\/1092"}],"wp:attachment":[{"href":"https:\/\/www.wildmedical.de\/en\/wp-json\/wp\/v2\/media?parent=779"}],"curies":[{"name":"wp","href":"https:\/\/api.w.org\/{rel}","templated":true}]}}