{"id":481,"date":"2024-04-08T10:23:24","date_gmt":"2024-04-08T08:23:24","guid":{"rendered":"https:\/\/www.wildmedical.de\/?page_id=481"},"modified":"2025-05-15T10:54:59","modified_gmt":"2025-05-15T08:54:59","slug":"agbs","status":"publish","type":"page","link":"https:\/\/www.wildmedical.de\/en\/agbs\/","title":{"rendered":"AGBs"},"content":{"rendered":"<div data-elementor-type=\"wp-page\" data-elementor-id=\"481\" class=\"elementor elementor-481\" data-elementor-settings=\"[]\">\n\t\t\t\t\t\t\t<div class=\"elementor-section-wrap\">\n\t\t\t\t\t\t\t<section class=\"elementor-section elementor-top-section elementor-element elementor-element-911d3d2 elementor-section-boxed elementor-section-height-default elementor-section-height-default\" data-id=\"911d3d2\" data-element_type=\"section\">\n\t\t\t\t\t\t<div class=\"elementor-container elementor-column-gap-default\">\n\t\t\t\t\t<div class=\"elementor-column elementor-col-100 elementor-top-column elementor-element elementor-element-efa1414\" data-id=\"efa1414\" data-element_type=\"column\">\n\t\t\t<div class=\"elementor-widget-wrap elementor-element-populated\">\n\t\t\t\t\t\t\t\t<div class=\"elementor-element elementor-element-a6a5f3b elementor-widget elementor-widget-heading\" data-id=\"a6a5f3b\" data-element_type=\"widget\" data-widget_type=\"heading.default\">\n\t\t\t\t<div class=\"elementor-widget-container\">\n\t\t\t<h2 class=\"elementor-heading-title elementor-size-default\">Allgemeine Gesch\u00e4ftsbedingungen<\/h2>\t\t<\/div>\n\t\t\t\t<\/div>\n\t\t\t\t\t<\/div>\n\t\t<\/div>\n\t\t\t\t\t\t\t<\/div>\n\t\t<\/section>\n\t\t\t\t<section class=\"elementor-section elementor-top-section elementor-element elementor-element-3a7002e elementor-section-boxed elementor-section-height-default elementor-section-height-default\" data-id=\"3a7002e\" data-element_type=\"section\">\n\t\t\t\t\t\t<div class=\"elementor-container elementor-column-gap-default\">\n\t\t\t\t\t<div class=\"elementor-column elementor-col-100 elementor-top-column elementor-element elementor-element-7f50d7c\" data-id=\"7f50d7c\" data-element_type=\"column\">\n\t\t\t<div class=\"elementor-widget-wrap elementor-element-populated\">\n\t\t\t\t\t\t\t\t<div class=\"elementor-element elementor-element-b99cfed elementor-widget elementor-widget-text-editor\" data-id=\"b99cfed\" data-element_type=\"widget\" data-widget_type=\"text-editor.default\">\n\t\t\t\t<div class=\"elementor-widget-container\">\n\t\t\t\t\t\t\t<h3>1. Definition und Anwendungsbereich<\/h3><p>Allen Vereinbarungen und Angeboten liegen ausschlie\u00dflich unsere allgemeinen Gesch\u00e4ftsbedingungen zugrunde. Sie gelten durch Auftragserteilung oder Annahme der Lieferung als anerkannt. Abweichungen von unseren allgemeinen Gesch\u00e4ftsbedingungen bed\u00fcrfen unserer ausdr\u00fccklichen schriftlichen Anerkennung.<\/p><h3>2. Angebote<\/h3><p>Unsere Angebote sind freibleibend. Bestellungen sind f\u00fcr uns nur verbindlich, wenn wir diese schriftlich best\u00e4tigen oder Ihnen durch \u00dcbersendung der Ware entsprechen. Bitte beachten Sie hierzu unsere Mindestauftragswerte. Weichen die bestellten St\u00fcckzahlen von denen der Verkaufsmengeneinheit (VE)ab, so sind wir berechtigt, die Bestellmenge entsprechend anzupassen. Bei Bestellungen unter der Verkaufsmengeneinheit (VE) welche von uns angenommen werden, sind vom Umtausch und R\u00fcckgabe ausgeschlossen. Der Kunde ist an eine von ihm unterzeichnete und von uns noch nicht angenommene Bestellung 14 Kalendertage nach Absendung gebunden.<\/p><h3>3. Preise &amp; Zahlungsbedingungen<\/h3><p>a) Auftr\u00e4ge, f\u00fcr die nicht ausdr\u00fccklich feste Preise vereinbart sind, werden zu den am Tage der Lieferung g\u00fcltigen Listenpreisen berechnet. Haben sich die Listenpreise gegen\u00fcber dem Zeitpunkt des Vertragsabschlusses erh\u00f6ht, so ist der K\u00e4ufer berechtigt, innerhalb 8 Kalendertagen <br \/>nach Mitteilung der Preiserh\u00f6hung von dem Vertrag zur\u00fcckzutreten. Das R\u00fccktrittsrecht besteht nicht bei Preiserh\u00f6hungen, die aus der Erh\u00f6hung der Mehrwertsteuer resultieren. b) Der Kaufpreis ist innerhalb von 30 Tagen ab Rechnungsdatum zur Zahlung f\u00e4llig. Bei Ziel\u00fcberschreitung sind wir berechtigt, Zinsen in H\u00f6he von 5% \u00fcber dem Basiszinssatz zu berechnen. Gegen\u00fcber unseren Forderungen kann der K\u00e4ufer weder aufrechnen noch ein Zur\u00fcckbehaltungsrecht geltend machen, es sei denn, es handelt sich um einen eigenen Anspruch des K\u00e4ufers, der unbestritten oder rechtskr\u00e4ftig festgestellt ist.<\/p><h3>4. Lieferfristen<\/h3><p>Wir sind bem\u00fcht, so rasch wie m\u00f6glich zu liefern. Fest vereinbarte Lieferfristen beziehen sich auf das Versanddatum. Im Falle des Verzuges kann der K\u00e4ufer eine Nachfrist setzen. Die Nachfrist muss mindestens 15 Werktage betragen. Nach Ablauf der Nachfrist ist der K\u00e4ufer berechtigt, vom Vertrag zur\u00fcckzutreten. Der R\u00fccktritt muss unverz\u00fcglich nach Ablauf der gesetzten Nachfrist schriftlich erkl\u00e4rt werden. Wir haften nicht f\u00fcr Unm\u00f6glichkeiten der Lieferung oder f\u00fcr Lieferverz\u00f6gerungen, soweit diese durch h\u00f6here Gewalt oder sonstige, zum Zeitpunkt des Vertragsabschlusses nicht vorhersehbare Ereignisse (z. B. Betriebsst\u00f6rungen aller Art, Schwierigkeiten in der Material- oder Energiebeschaffung, Transportverz\u00f6gerungen, Streiks, rechtm\u00e4\u00dfige Aussperrungen, Mangel an Arbeitskr\u00e4ften, Energie oder Rohstoffe, Schwierigkeiten bei der Beschaffung von notwendigen beh\u00f6rdlichen Genehmigungen, die beh\u00f6rdliche Ma\u00dfnahmen oder die ausbleibende, nicht richtige oder nicht rechtzeitige Belieferung durch Lieferanten) verursacht worden sind, die wir nicht zu vertreten haben. Sofern uns solche Ereignisse die Lieferung oder Leistung wesentlich erschweren oder unm\u00f6glich machen und die Behinderung nicht nur von vor\u00fcbergehender Dauer ist, sind wir zum R\u00fccktritt vom Vertrag berechtigt. Bei Hindernissen vor\u00fcbergehender Dauer verl\u00e4ngern sich die Liefer- oder Leistungsfristen oder verschieben sich die Liefer- oder Leistungstermine um den Zeitraum der Behinderung zuz\u00fcglich einer angemessenen Anlauffrist. Soweit dem K\u00e4ufer infolge der Verz\u00f6gerung die Abnahme der Lieferung oder Leistung nicht zuzumuten ist, kann er durch unverz\u00fcglich schriftliche Erkl\u00e4rung vom Vertrag zur\u00fccktreten.<\/p><h3>5. Lieferung &amp; Leistung<\/h3><p>Alle Lieferungen reisen auf unsere Gefahr gem. internationaler Handelsklausel \u201eIncoterms ICC\u201c (DAP \u2013 geliefert benannter Ort). Teillieferungen sind zul\u00e4ssig. Versandart oder Versandweg werden von uns gew\u00e4hlt. Die Kosten einer auf Wunsch des K\u00e4ufers vorgenommenen Eilgut-, Expressgut-, Luftfracht- bzw. Luftpostsendung gehen voll zu seinen Lasten. Ab einem Bestellwert in H\u00f6he von 300,00 \u20ac (Nettowarenwert) liefern wir versandkostenfrei. F\u00fcr Bestellungen unter dem Mindestbestellwert in H\u00f6he von 300,00 \u20ac (Nettowarenwert) berechnen wir eine Handhabungspauschale \/ Mindermengenzuschlag in H\u00f6he von 20,00 \u20ac pro Auftrag. Expresssendungen werden nach den aktuellen Transportkosten des jeweiligen Versanddienstleisters berechnet.<\/p><h3>6. Auftragsfertigung<\/h3><p>Bei Auftragsfertigungen behalten wir uns Mehr- oder Minderlieferungen bis zu 20% vor. Grunds\u00e4tzlich ausgeschlossen von der R\u00fccknahme ist jede Art von Ware, die speziell f\u00fcr den Kunden gefertigt wurde.<\/p><h3>7. M\u00e4ngel und Transportsch\u00e4den<\/h3><p>a) Etwaige Beanstandungen sind uns unverz\u00fcglich \u2013 bei offenen M\u00e4ngeln sp\u00e4testens innerhalb von zwei Wochen \u2013 nach Erhalt der Ware schriftlich anzuzeigen. Bei berechtigten Beanstandungen werden wir nur nach unserer Wahl Ersatz liefern oder nachbessern. <br \/>b) Lassen wir eine uns gestellte Nachfrist verstreichen, ohne Ersatz geleistet oder den Mangel behoben zu haben, so hat der K\u00e4ufer ein R\u00fccktrittsrecht.<\/p><h3>8. Reklamationen, Reparaturen &amp; Retouren<\/h3><p>R\u00fccksendungen und Retouren werden ausschlie\u00dflich in einwandfreiem Zustand und nach vorheriger Anzeige in unserem Customer Service akzeptiert. Produkte, deren Prim\u00e4r- bzw. Sekund\u00e4rverpackung (Steril-Verpackung bzw. Verkaufseinheit) beschriftet, beklebt, eingedr\u00fcckt, an bzw. aufgerissen wurden, sind von der R\u00fccknahme ausgeschlossen. Produkte, welche an die <br \/>WILDmedical GmbH zur\u00fcckgesendet werden, sind unbedingt in einem Versandkarton zu verpacken, so dass der Schutz des prim\u00e4r- bzw. sekund\u00e4r verpackten Produkts vor Transportsch\u00e4den und Umwelteinfl\u00fcssen gew\u00e4hrleistet ist.<\/p><p>Reklamationen<\/p><p>Um alle mit kontaminierten Produkten in Kontakt kommenden Personen vor Infektionen zu sch\u00fctzen, die beim Umgang mit verunreinigten Produkten entstehen k\u00f6nnen, ist es unvermeidlich, dass eingeschickte Produkte desinfiziert angeliefert werden. <br \/>Bitte legen Sie den Produkten eine Best\u00e4tigung der Desinfektion bei.<\/p><p>Reparaturen<\/p><p>Um alle mit kontaminierten Produkten in Kontakt kommenden Personen vor Infektionen zu sch\u00fctzen, die beim Umgang mit verunreinigten Produkten entstehen k\u00f6nnen, ist es unvermeidlich, dass eingeschickte Produkte sterilisiert angeliefert werden. Es werden nur gereinigte und sterilisierte Instrumente von uns entgegengenommen und repariert. <br \/>Auf dem Versandkarton muss deutlich sichtbar der Sterilisationsindikator zu erkennen sein.<\/p><p>Retouren<\/p><p>Grunds\u00e4tzlich kann eine R\u00fccknahme oder ein Umtausch nur nach vorheriger Vereinbarung mit uns erfolgen. Die R\u00fccknahme oder der Umtausch von steriler\/unsteriler Ware (volle Verkaufs einheit) ist nur innerhalb von 3 Monaten ab Rechnungsdatum unter Abzug einer Bearbeitungs <br \/>geb\u00fchr in H\u00f6he von 20% des Nettowarenwerts m\u00f6glich. Die Kosten des R\u00fccktransports tr\u00e4gt der K\u00e4ufer. Des Weiteren reist die Ware auf Gefahr des Kunden. Wurde die Ware durch den Kunden falsch bestellt, tr\u00e4gt auch hier der K\u00e4ufer die Kosten des R\u00fccktransports. Die R\u00fccksendung muss innerhalb von 4 Wochen nach Rechnungsdatum unter schriftlicher Anzeige an den Customer Service mit folgenden Angaben der Rechnungs-, Lieferschein-, Artikel- und Lot Nummer sowie dem Verfalldatum erfolgen. Danach kann keine R\u00fccknahme mehr durch uns <br \/>erfolgen. Ware, die speziell f\u00fcr den Kunden gefertigt wurde, ist von der R\u00fccknahme grunds\u00e4tzlich ausgeschlossen.<\/p><h3>9. Haftung &amp; Gew\u00e4hrleistung<\/h3><p>Schadensersatzanspr\u00fcche des K\u00e4ufers wegen offensichtlicher Sachm\u00e4ngel der gelieferten Bestellung sind ausgeschlossen, wenn er den Mangel nicht innerhalb einer Frist von zwei Wochen nach Ablieferung anzeigt. Voraussetzung f\u00fcr jegliche Gew\u00e4hrleistungsrechte des K\u00e4ufers ist dessen ordnungsgem\u00e4\u00dfe Erf\u00fcllung aller nach \u00a7377 HGB geschuldeten Untersuchungs- und R\u00fcgeobliegenheiten. Nicht aus M\u00e4ngeln von Liefergegenst\u00e4nden entstehende Aufwendungen bzw. Kosten des K\u00e4ufers (z. B. bei Produktwarnungen, Sicherheitshinweise und Produktr\u00fcckrufe) gehen zu seinen Lasten, soweit diese zumutbar und erforderlich sind. Der Mehraufwand ist uns <br \/>vom K\u00e4ufer nachzuweisen. Aufwendungen bzw. Kosten des K\u00e4ufers, die aus M\u00e4ngeln von Liefergegenst\u00e4nden entstehen, werden von uns \u00fcbernommen, soweit diese unter Ber\u00fccksichtigung der beiderseitigen Interessen nach objektiven Ma\u00dfst\u00e4ben billigerweise notwendig und angemessen waren. Es gilt \u00a7254 BGB. Der Mehraufwand ist vom K\u00e4ufer nachzuweisen. Wir haften f\u00fcr entstehende Sch\u00e4den, soweit diese auf einer Verletzung einer wesentlichen Vertragspflicht oder auf einem vors\u00e4tzlichen oder grob fahrl\u00e4ssigen Verhalten durch uns, unseren gesetzlichen Vertreter oder Erf\u00fcllungsgehilfen beruhen. Wird eine wesentliche Vertragspflicht leicht fahrl\u00e4ssig verletzt, so ist unsere Haftung auf den vertragstypischen, vorhersehbaren Schaden begrenzt. Eine wesentliche Vertragspflicht ist bei Verpflichtungen gegebene, deren Erf\u00fcllung die ordnungsgem\u00e4\u00dfe Durchf\u00fchrung des Vertrages erst erm\u00f6glicht oder auf deren Einhaltung der K\u00e4ufer vertraut hat und vertrauen durfte. Eine dar\u00fcber hinausgehende Haftung auf Schadensersatz ist ausgeschlossen. Die Haftung wegen schuldhafter Verletzung von Leben, K\u00f6rper oder Gesundheit nach den gesetzlichen Bestimmungen bleibt unber\u00fchrt. Dies gilt auch f\u00fcr die zwingende Haftung nach dem Produkthaftungsgesetz und f\u00fcr garantierte Beschaffenheitsmerkmale.<\/p><h3>10. Eigentumsvorbehalt<\/h3><p>F\u00fcr Lieferungen bleibt die gelieferte Ware bis zur vollst\u00e4ndigen Bezahlung s\u00e4mtlicher Forderungen aus der Gesch\u00e4ftsverbindung mit dem K\u00e4ufer in unserem Eigentum.<\/p><h3>11. Weiterverkauf<\/h3><p>Von uns gelieferte Ger\u00e4te und Waren d\u00fcrfen nur mit unserer vorherigen schriftlichen Genehmigung an ein anderes Land als das des Gesch\u00e4ftssitzes des Bestellers weitergeliefert werden.<\/p><h3>12. R\u00fcckverfolgbarkeit<\/h3><p>Jeder Wiederverk\u00e4ufer ist verpflichtet, die R\u00fcckverfolgbarkeit seiner Endkunden aufrecht zu erhalten, damit im Falle einer R\u00fcckrufaktion, gem. der Richtlinien \u00fcber Medizinprodukte vom 26. Mai 2021 (MDR(EU) 2017\/745), seine Endverbraucher angesprochen werden k\u00f6nnen und das entsprechende Medizinprodukt vom Markt genommen werden kann. Diese Verpflichtung gilt f\u00fcr den Zeitraum nach Beendigung der Gesch\u00e4ftsbeziehung fort.<\/p><h3>13. Erf\u00fcllungsort &amp; Gerichtsstand<\/h3><p>Erf\u00fcllungsort f\u00fcr die Lieferungen ist die Auslieferungsst\u00e4tte, f\u00fcr alle anderen Verpflichtungen aus dem Vertragsverh\u00e4ltnis ist der Sitz der WILDmedical GmbH. Ist der K\u00e4ufer Vollkaufmann, so ist der Gerichtsstand unser allgemeiner Gerichtsstand oder nach Wahl der Gerichtsstand des K\u00e4ufers.<\/p><p>Tuttlingen, den 01. Februar 2024<\/p><p>WILDmedical GmbH<br \/>Telefon: +49 (0) 7461 \u2013 966 30 80<br \/>Ehrenbergstr. 18<br \/>E-Mail: <a href=\"mailto:info@wildmedical.de\">info@wildmedical.de<\/a><br \/>78532 Tuttlingen<\/p>\t\t\t\t\t\t<\/div>\n\t\t\t\t<\/div>\n\t\t\t\t\t<\/div>\n\t\t<\/div>\n\t\t\t\t\t\t\t<\/div>\n\t\t<\/section>\n\t\t\t\t\t\t<\/div>\n\t\t\t\t\t<\/div>","protected":false},"excerpt":{"rendered":"<p>Allgemeine Gesch\u00e4ftsbedingungen 1. Definition und Anwendungsbereich Allen Vereinbarungen und Angeboten liegen ausschlie\u00dflich unsere allgemeinen Gesch\u00e4ftsbedingungen zugrunde. Sie gelten durch Auftragserteilung oder Annahme der Lieferung als anerkannt. Abweichungen von unseren allgemeinen Gesch\u00e4ftsbedingungen bed\u00fcrfen unserer ausdr\u00fccklichen schriftlichen Anerkennung. 2. Angebote Unsere Angebote sind freibleibend. Bestellungen sind f\u00fcr uns nur verbindlich, wenn wir diese schriftlich best\u00e4tigen oder Ihnen [&hellip;]<\/p>","protected":false},"author":1,"featured_media":0,"parent":0,"menu_order":0,"comment_status":"closed","ping_status":"closed","template":"","meta":[],"yoast_head":"<!-- This site is optimized with the Yoast SEO plugin v18.1 - https:\/\/yoast.com\/wordpress\/plugins\/seo\/ -->\n<title>AGBs - Wild Medical<\/title>\n<meta name=\"description\" content=\"AGBs von WILDmedical - Medizintechnik aus Tuttlingen. Wild Medical AGBs -\" \/>\n<meta name=\"robots\" content=\"index, follow, max-snippet:-1, max-image-preview:large, max-video-preview:-1\" \/>\n<link rel=\"canonical\" href=\"https:\/\/www.wildmedical.de\/en\/agbs\/\" \/>\n<meta property=\"og:locale\" content=\"en_US\" \/>\n<meta property=\"og:type\" content=\"article\" \/>\n<meta property=\"og:title\" content=\"AGBs - Wild Medical\" \/>\n<meta property=\"og:description\" content=\"AGBs von WILDmedical - Medizintechnik aus Tuttlingen. Wild Medical AGBs -\" \/>\n<meta property=\"og:url\" content=\"https:\/\/www.wildmedical.de\/en\/agbs\/\" \/>\n<meta property=\"og:site_name\" content=\"Wild Medical\" \/>\n<meta property=\"article:modified_time\" content=\"2025-05-15T08:54:59+00:00\" \/>\n<meta name=\"twitter:card\" content=\"summary_large_image\" \/>\n<meta name=\"twitter:label1\" content=\"Est. reading time\" \/>\n\t<meta name=\"twitter:data1\" content=\"8 minutes\" \/>\n<script type=\"application\/ld+json\" class=\"yoast-schema-graph\">{\"@context\":\"https:\/\/schema.org\",\"@graph\":[{\"@type\":\"Organization\",\"@id\":\"https:\/\/www.wildmedical.de\/#organization\",\"name\":\"Wild Medical\",\"url\":\"https:\/\/www.wildmedical.de\/\",\"sameAs\":[],\"logo\":{\"@type\":\"ImageObject\",\"@id\":\"https:\/\/www.wildmedical.de\/#logo\",\"inLanguage\":\"en-US\",\"url\":\"https:\/\/www.wildmedical.de\/wp-content\/uploads\/2021\/10\/Logo-wildmedical.png\",\"contentUrl\":\"https:\/\/www.wildmedical.de\/wp-content\/uploads\/2021\/10\/Logo-wildmedical.png\",\"width\":1225,\"height\":431,\"caption\":\"Wild Medical\"},\"image\":{\"@id\":\"https:\/\/www.wildmedical.de\/#logo\"}},{\"@type\":\"WebSite\",\"@id\":\"https:\/\/www.wildmedical.de\/#website\",\"url\":\"https:\/\/www.wildmedical.de\/\",\"name\":\"Wild Medical\",\"description\":\"Hochwertige medizinische Produkte aus Edelstahl. Wild medical in Tuttlingen\",\"publisher\":{\"@id\":\"https:\/\/www.wildmedical.de\/#organization\"},\"potentialAction\":[{\"@type\":\"SearchAction\",\"target\":{\"@type\":\"EntryPoint\",\"urlTemplate\":\"https:\/\/www.wildmedical.de\/?s={search_term_string}\"},\"query-input\":\"required name=search_term_string\"}],\"inLanguage\":\"en-US\"},{\"@type\":\"WebPage\",\"@id\":\"https:\/\/www.wildmedical.de\/agbs\/#webpage\",\"url\":\"https:\/\/www.wildmedical.de\/agbs\/\",\"name\":\"AGBs - Wild Medical\",\"isPartOf\":{\"@id\":\"https:\/\/www.wildmedical.de\/#website\"},\"datePublished\":\"2024-04-08T08:23:24+00:00\",\"dateModified\":\"2025-05-15T08:54:59+00:00\",\"description\":\"AGBs von WILDmedical - Medizintechnik aus Tuttlingen. Wild Medical AGBs -\",\"breadcrumb\":{\"@id\":\"https:\/\/www.wildmedical.de\/agbs\/#breadcrumb\"},\"inLanguage\":\"en-US\",\"potentialAction\":[{\"@type\":\"ReadAction\",\"target\":[\"https:\/\/www.wildmedical.de\/agbs\/\"]}]},{\"@type\":\"BreadcrumbList\",\"@id\":\"https:\/\/www.wildmedical.de\/agbs\/#breadcrumb\",\"itemListElement\":[{\"@type\":\"ListItem\",\"position\":1,\"name\":\"Startseite\",\"item\":\"https:\/\/www.wildmedical.de\/\"},{\"@type\":\"ListItem\",\"position\":2,\"name\":\"AGBs\"}]}]}<\/script>\n<!-- \/ Yoast SEO plugin. -->","yoast_head_json":{"title":"AGBs - Wild Medical","description":"AGBs von WILDmedical - Medizintechnik aus Tuttlingen. Wild Medical AGBs -","robots":{"index":"index","follow":"follow","max-snippet":"max-snippet:-1","max-image-preview":"max-image-preview:large","max-video-preview":"max-video-preview:-1"},"canonical":"https:\/\/www.wildmedical.de\/en\/agbs\/","og_locale":"en_US","og_type":"article","og_title":"AGBs - Wild Medical","og_description":"AGBs von WILDmedical - Medizintechnik aus Tuttlingen. Wild Medical AGBs -","og_url":"https:\/\/www.wildmedical.de\/en\/agbs\/","og_site_name":"Wild Medical","article_modified_time":"2025-05-15T08:54:59+00:00","twitter_card":"summary_large_image","twitter_misc":{"Est. reading time":"8 minutes"},"schema":{"@context":"https:\/\/schema.org","@graph":[{"@type":"Organization","@id":"https:\/\/www.wildmedical.de\/#organization","name":"Wild Medical","url":"https:\/\/www.wildmedical.de\/","sameAs":[],"logo":{"@type":"ImageObject","@id":"https:\/\/www.wildmedical.de\/#logo","inLanguage":"en-US","url":"https:\/\/www.wildmedical.de\/wp-content\/uploads\/2021\/10\/Logo-wildmedical.png","contentUrl":"https:\/\/www.wildmedical.de\/wp-content\/uploads\/2021\/10\/Logo-wildmedical.png","width":1225,"height":431,"caption":"Wild Medical"},"image":{"@id":"https:\/\/www.wildmedical.de\/#logo"}},{"@type":"WebSite","@id":"https:\/\/www.wildmedical.de\/#website","url":"https:\/\/www.wildmedical.de\/","name":"Wild Medical","description":"Hochwertige medizinische Produkte aus Edelstahl. Wild medical in Tuttlingen","publisher":{"@id":"https:\/\/www.wildmedical.de\/#organization"},"potentialAction":[{"@type":"SearchAction","target":{"@type":"EntryPoint","urlTemplate":"https:\/\/www.wildmedical.de\/?s={search_term_string}"},"query-input":"required name=search_term_string"}],"inLanguage":"en-US"},{"@type":"WebPage","@id":"https:\/\/www.wildmedical.de\/agbs\/#webpage","url":"https:\/\/www.wildmedical.de\/agbs\/","name":"AGBs - Wild Medical","isPartOf":{"@id":"https:\/\/www.wildmedical.de\/#website"},"datePublished":"2024-04-08T08:23:24+00:00","dateModified":"2025-05-15T08:54:59+00:00","description":"AGBs von WILDmedical - Medizintechnik aus Tuttlingen. Wild Medical AGBs -","breadcrumb":{"@id":"https:\/\/www.wildmedical.de\/agbs\/#breadcrumb"},"inLanguage":"en-US","potentialAction":[{"@type":"ReadAction","target":["https:\/\/www.wildmedical.de\/agbs\/"]}]},{"@type":"BreadcrumbList","@id":"https:\/\/www.wildmedical.de\/agbs\/#breadcrumb","itemListElement":[{"@type":"ListItem","position":1,"name":"Startseite","item":"https:\/\/www.wildmedical.de\/"},{"@type":"ListItem","position":2,"name":"AGBs"}]}]}},"_links":{"self":[{"href":"https:\/\/www.wildmedical.de\/en\/wp-json\/wp\/v2\/pages\/481"}],"collection":[{"href":"https:\/\/www.wildmedical.de\/en\/wp-json\/wp\/v2\/pages"}],"about":[{"href":"https:\/\/www.wildmedical.de\/en\/wp-json\/wp\/v2\/types\/page"}],"author":[{"embeddable":true,"href":"https:\/\/www.wildmedical.de\/en\/wp-json\/wp\/v2\/users\/1"}],"replies":[{"embeddable":true,"href":"https:\/\/www.wildmedical.de\/en\/wp-json\/wp\/v2\/comments?post=481"}],"version-history":[{"count":11,"href":"https:\/\/www.wildmedical.de\/en\/wp-json\/wp\/v2\/pages\/481\/revisions"}],"predecessor-version":[{"id":991,"href":"https:\/\/www.wildmedical.de\/en\/wp-json\/wp\/v2\/pages\/481\/revisions\/991"}],"wp:attachment":[{"href":"https:\/\/www.wildmedical.de\/en\/wp-json\/wp\/v2\/media?parent=481"}],"curies":[{"name":"wp","href":"https:\/\/api.w.org\/{rel}","templated":true}]}}